{"id":2237,"date":"2023-07-04T15:00:01","date_gmt":"2023-07-04T13:00:01","guid":{"rendered":"https:\/\/cze-france.fr\/soluciones-industriales-para-el-sector-del-automovil\/"},"modified":"2024-09-17T11:16:46","modified_gmt":"2024-09-17T09:16:46","slug":"soluciones-industriales-para-el-sector-del-automovil","status":"publish","type":"page","link":"https:\/\/cze-france.fr\/es\/","title":{"rendered":"Soluciones industriales para el sector del autom\u00f3vil"},"content":{"rendered":"<p>[et_pb_section fb_built=\u00bb1&#8243; fullwidth=\u00bbon\u00bb admin_label=\u00bbHeader Section\u00bb _builder_version=\u00bb4.19.4&#8243; background_color=\u00bb#000000&#8243; custom_padding=\u00bb|||\u00bb global_colors_info=\u00bb{}\u00bb][et_pb_fullwidth_header title=\u00bbSoluciones para la industria del autom\u00f3vil\u00bb subhead=\u00bbCentros VFU, desguaces, servicios de asistencia en carretera, concesionarios&#8230;\u00bb text_orientation=\u00bbcenter\u00bb header_scroll_down=\u00bbon\u00bb scroll_down_icon=\u00bb%%2%%\u00bb scroll_down_icon_color=\u00bb#ffffff\u00bb background_overlay_color=\u00bbrgba(255,255,255,0.13)\u00bb logo_image_url=\u00bbhttps:\/\/cze-france.fr\/wp-content\/uploads\/2023\/01\/3-1.png\u00bb content_max_width_last_edited=\u00bboff|desktop\u00bb admin_label=\u00bbContents\u00bb _builder_version=\u00bb4.21.0&#8243; title_font=\u00bbOswald|||on|\u00bb title_text_align=\u00bbcenter\u00bb title_text_color=\u00bb#FFFFFF\u00bb title_font_size=\u00bb80px\u00bb title_letter_spacing=\u00bb0.05em\u00bb title_line_height=\u00bb1.5em\u00bb subhead_font=\u00bbNunito|600|||||||\u00bb subhead_text_color=\u00bb#FFFFFF\u00bb subhead_font_size=\u00bb20px\u00bb subhead_line_height=\u00bb1.9em\u00bb background_color=\u00bbRGBA(255,255,255,0)\u00bb background_image=\u00bbhttps:\/\/cze-france.fr\/wp-content\/uploads\/2023\/01\/Fond-chantier-2.png\u00bb parallax=\u00bbon\u00bb background_blend=\u00bbcolor-burn\u00bb custom_button_one=\u00bbon\u00bb button_one_text_size=\u00bb15px\u00bb button_one_text_color=\u00bb#ffffff\u00bb button_one_bg_color=\u00bb#e75f0d\u00bb button_one_border_width=\u00bb10px\u00bb button_one_border_color=\u00bb#e75f0d\u00bb button_one_border_radius=\u00bb0px\u00bb button_one_letter_spacing=\u00bb3px\u00bb button_one_font=\u00bbOswald|||on|\u00bb button_one_use_icon=\u00bboff\u00bb background_layout=\u00bblight\u00bb custom_padding=\u00bb12%||12%|\u00bb animation_style=\u00bbfade\u00bb animation_starting_opacity=\u00bb50%\u00bb animation_speed_curve=\u00bbease-in\u00bb title_font_size_tablet=\u00bb60px\u00bb title_font_size_phone=\u00bb40px\u00bb title_font_size_last_edited=\u00bbon|phone\u00bb button_one_border_color_hover=\u00bb#c99872&#8243; button_one_border_radius_hover=\u00bb0px\u00bb button_one_letter_spacing_hover=\u00bb3px\u00bb button_one_bg_color_hover=\u00bb#c99872&#8243; global_colors_info=\u00bb{}\u00bb button_one_text_size__hover_enabled=\u00bboff\u00bb button_two_text_size__hover_enabled=\u00bboff\u00bb button_one_text_color__hover_enabled=\u00bboff\u00bb button_two_text_color__hover_enabled=\u00bboff\u00bb button_one_border_width__hover_enabled=\u00bboff\u00bb button_two_border_width__hover_enabled=\u00bboff\u00bb button_one_border_color__hover_enabled=\u00bbon\u00bb button_one_border_color__hover=\u00bb#c99872&#8243; button_two_border_color__hover_enabled=\u00bboff\u00bb button_one_border_radius__hover_enabled=\u00bbon\u00bb button_one_border_radius__hover=\u00bb0px\u00bb button_two_border_radius__hover_enabled=\u00bboff\u00bb button_one_letter_spacing__hover_enabled=\u00bbon\u00bb button_one_letter_spacing__hover=\u00bb3px\u00bb button_two_letter_spacing__hover_enabled=\u00bboff\u00bb button_one_bg_color__hover_enabled=\u00bbon\u00bb button_one_bg_color__hover=\u00bb#c99872&#8243; button_two_bg_color__hover_enabled=\u00bboff\u00bb][\/et_pb_fullwidth_header][\/et_pb_section][et_pb_section fb_built=\u00bb1&#8243; _builder_version=\u00bb4.19.4&#8243; _module_preset=\u00bbdefault\u00bb background_color=\u00bbRGBA(255,255,255,0)\u00bb custom_padding=\u00bb6px||2px|||\u00bb global_colors_info=\u00bb{}\u00bb][et_pb_row _builder_version=\u00bb4.21.0&#8243; _module_preset=\u00bbdefault\u00bb global_colors_info=\u00bb{}\u00bb][et_pb_column type=\u00bb4_4&#8243; _builder_version=\u00bb4.21.0&#8243; _module_preset=\u00bbdefault\u00bb global_colors_info=\u00bb{}\u00bb][et_pb_text _builder_version=\u00bb4.21.0&#8243; _module_preset=\u00bbdefault\u00bb global_colors_info=\u00bb{}\u00bb]<\/p>\n<h1>Bienvenido a CZE Francia &#8211; Tu socio preferente en soluciones industriales para la industria del autom\u00f3vil.<\/h1>\n<p>[\/et_pb_text][et_pb_text _builder_version=\u00bb4.21.0&#8243; _module_preset=\u00bbdefault\u00bb global_colors_info=\u00bb{}\u00bb]<\/p>\n<p><strong>Con muchos a\u00f1os de experiencia y conocimientos en el sector de la automoci\u00f3n, CZE Francia se compromete a proporcionar las soluciones m\u00e1s eficientes, eficaces y sostenibles para nuestros clientes. Entendemos los retos a los que se enfrenta el sector de la automoci\u00f3n y estamos preparados para ofrecer soluciones personalizadas que satisfagan tus necesidades espec\u00edficas. <\/strong><\/p>\n<p>[\/et_pb_text][\/et_pb_column][\/et_pb_row][et_pb_row column_structure=\u00bb1_2,1_2&#8243; _builder_version=\u00bb4.21.0&#8243; _module_preset=\u00bbdefault\u00bb global_colors_info=\u00bb{}\u00bb][et_pb_column type=\u00bb1_2&#8243; _builder_version=\u00bb4.21.0&#8243; _module_preset=\u00bbdefault\u00bb global_colors_info=\u00bb{}\u00bb][et_pb_text _builder_version=\u00bb4.21.0&#8243; _module_preset=\u00bbdefault\u00bb global_colors_info=\u00bb{}\u00bb]<\/p>\n<p>Nuestra gama de productos incluye m\u00e9nsulas para el almacenamiento de veh\u00edculos, dise\u00f1adas para maximizar el espacio de almacenamiento al tiempo que garantizan un acceso f\u00e1cil y una manipulaci\u00f3n segura de los veh\u00edculos. Nuestros voladizos son robustos, fiables y est\u00e1n dise\u00f1ados para soportar las condiciones m\u00e1s duras, garantizando un servicio sin problemas y una longevidad excepcional. <\/p>\n<p>Tambi\u00e9n estamos orgullosos de presentar nuestras cizallas hidr\u00e1ulicas de desmontaje, herramientas potentes y precisas que simplifican el proceso de desmontaje y reciclaje de veh\u00edculos. Estas cizallas est\u00e1n dise\u00f1adas para trabajar con eficacia y seguridad, reduciendo los costes y el tiempo de trabajo, al tiempo que cumplen las normas medioambientales m\u00e1s estrictas. <\/p>\n<p>Pero en CZE Francia nunca dejamos de innovar. Trabajamos constantemente para desarrollar nuevas soluciones y productos que respondan a las necesidades cambiantes y crecientes de la industria del autom\u00f3vil. \u00a1As\u00ed que permanece atento a nuestras pr\u00f3ximas ofertas!  <\/p>\n<p>[\/et_pb_text][\/et_pb_column][et_pb_column type=\u00bb1_2&#8243; _builder_version=\u00bb4.21.0&#8243; _module_preset=\u00bbdefault\u00bb global_colors_info=\u00bb{}\u00bb][et_pb_text _builder_version=\u00bb4.21.0&#8243; _module_preset=\u00bbdefault\u00bb global_colors_info=\u00bb{}\u00bb]<\/p>\n<p>Nuestro compromiso con la calidad, la innovaci\u00f3n y el servicio al cliente es insuperable. Nos esforzamos por ser algo m\u00e1s que un simple proveedor de nuestros clientes: queremos ser un verdadero socio en su \u00e9xito. <\/p>\n<p>Explora nuestro sitio para saber m\u00e1s sobre nuestros productos, servicios y lo que hace de CZE France el l\u00edder en soluciones industriales para la automoci\u00f3n. Ponte en contacto con nosotros hoy mismo para hablar de tus necesidades y descubrir c\u00f3mo podemos ayudarte a optimizar tus operaciones. <\/p>\n<p>CZE France &#8211; Trabajar juntos para dar forma al futuro de la industria del autom\u00f3vil.<\/p>\n<p>[\/et_pb_text][\/et_pb_column][\/et_pb_row][\/et_pb_section][et_pb_section fb_built=\u00bb1&#8243; _builder_version=\u00bb4.19.4&#8243; _module_preset=\u00bbdefault\u00bb background_color=\u00bb#E75F0D\u00bb custom_margin=\u00bb32px|||||\u00bb custom_padding=\u00bb50px||50px|||\u00bb global_colors_info=\u00bb{}\u00bb][et_pb_row _builder_version=\u00bb4.19.4&#8243; _module_preset=\u00bbdefault\u00bb global_colors_info=\u00bb{}\u00bb][et_pb_column type=\u00bb4_4&#8243; _builder_version=\u00bb4.19.4&#8243; _module_preset=\u00bbdefault\u00bb global_colors_info=\u00bb{}\u00bb][et_pb_text _builder_version=\u00bb4.21.0&#8243; _module_preset=\u00bbdefault\u00bb hover_enabled=\u00bb0&#8243; global_colors_info=\u00bb{}\u00bb sticky_enabled=\u00bb0&#8243;]<\/p>\n<h1 style=\"text-align: center;\"><span style=\"color: #ffffff;\">Descubre nuestras soluciones para aumentar tu rentabilidad y optimizar tu espacio de almacenamiento<\/span><\/h1>\n<p>[\/et_pb_text][\/et_pb_column][\/et_pb_row][\/et_pb_section]<\/p>\n","protected":false},"excerpt":{"rendered":"<p>Bienvenido a CZE Francia &#8211; Tu socio preferente en soluciones industriales para la industria del autom\u00f3vil.Con muchos a\u00f1os de experiencia y conocimientos en el sector de la automoci\u00f3n, CZE Francia se compromete a proporcionar las soluciones m\u00e1s eficientes, eficaces y sostenibles para nuestros clientes. Entendemos los retos a los que se enfrenta el sector de [&hellip;]<\/p>\n","protected":false},"author":3,"featured_media":2138,"parent":0,"menu_order":0,"comment_status":"closed","ping_status":"closed","template":"","meta":{"_et_pb_use_builder":"on","_et_pb_old_content":"","_et_gb_content_width":"","footnotes":""},"class_list":["post-2237","page","type-page","status-publish","has-post-thumbnail","hentry"],"yoast_head":"<!-- This site is optimized with the Yoast SEO plugin v27.4 - https:\/\/yoast.com\/product\/yoast-seo-wordpress\/ -->\n<title>Soluciones industriales para el sector del autom\u00f3vil -<\/title>\n<meta name=\"description\" content=\"Con muchos a\u00f1os de experiencia en la industria del autom\u00f3vil, CZE Francia ofrece soluciones personalizadas para tus necesidades espec\u00edficas.\" \/>\n<meta name=\"robots\" content=\"index, follow, max-snippet:-1, max-image-preview:large, max-video-preview:-1\" \/>\n<link rel=\"canonical\" href=\"https:\/\/cze-france.fr\/es\/\" \/>\n<meta property=\"og:locale\" content=\"es_ES\" \/>\n<meta property=\"og:type\" content=\"article\" \/>\n<meta property=\"og:title\" content=\"Soluciones industriales para el sector del autom\u00f3vil -\" \/>\n<meta property=\"og:description\" content=\"Con muchos a\u00f1os de experiencia en la industria del autom\u00f3vil, CZE Francia ofrece soluciones personalizadas para tus necesidades espec\u00edficas.\" \/>\n<meta property=\"og:url\" content=\"https:\/\/cze-france.fr\/es\/\" \/>\n<meta property=\"og:site_name\" content=\"CZE France\" \/>\n<meta property=\"article:publisher\" content=\"https:\/\/www.facebook.com\/profile.php?id=100089192656837\" \/>\n<meta property=\"article:modified_time\" content=\"2024-09-17T09:16:46+00:00\" \/>\n<meta property=\"og:image\" content=\"https:\/\/cze-france.fr\/wp-content\/uploads\/2023\/05\/2.png\" \/>\n\t<meta property=\"og:image:width\" content=\"500\" \/>\n\t<meta property=\"og:image:height\" content=\"500\" \/>\n\t<meta property=\"og:image:type\" content=\"image\/png\" \/>\n<meta name=\"twitter:card\" content=\"summary_large_image\" \/>\n<meta name=\"twitter:label1\" content=\"Tiempo de lectura\" \/>\n\t<meta name=\"twitter:data1\" content=\"5 minutos\" \/>\n<script type=\"application\/ld+json\" class=\"yoast-schema-graph\">{\"@context\":\"https:\\\/\\\/schema.org\",\"@graph\":[{\"@type\":\"WebPage\",\"@id\":\"https:\\\/\\\/cze-france.fr\\\/es\\\/\",\"url\":\"https:\\\/\\\/cze-france.fr\\\/es\\\/\",\"name\":\"Soluciones industriales para el sector del autom\u00f3vil -\",\"isPartOf\":{\"@id\":\"https:\\\/\\\/cze-france.fr\\\/es\\\/#website\"},\"primaryImageOfPage\":{\"@id\":\"https:\\\/\\\/cze-france.fr\\\/es\\\/#primaryimage\"},\"image\":{\"@id\":\"https:\\\/\\\/cze-france.fr\\\/es\\\/#primaryimage\"},\"thumbnailUrl\":\"https:\\\/\\\/cze-france.fr\\\/wp-content\\\/uploads\\\/2023\\\/05\\\/2.png\",\"datePublished\":\"2023-07-04T13:00:01+00:00\",\"dateModified\":\"2024-09-17T09:16:46+00:00\",\"description\":\"Con muchos a\u00f1os de experiencia en la industria del autom\u00f3vil, CZE Francia ofrece soluciones personalizadas para tus necesidades espec\u00edficas.\",\"breadcrumb\":{\"@id\":\"https:\\\/\\\/cze-france.fr\\\/es\\\/#breadcrumb\"},\"inLanguage\":\"es\",\"potentialAction\":[{\"@type\":\"ReadAction\",\"target\":[\"https:\\\/\\\/cze-france.fr\\\/es\\\/\"]}]},{\"@type\":\"ImageObject\",\"inLanguage\":\"es\",\"@id\":\"https:\\\/\\\/cze-france.fr\\\/es\\\/#primaryimage\",\"url\":\"https:\\\/\\\/cze-france.fr\\\/wp-content\\\/uploads\\\/2023\\\/05\\\/2.png\",\"contentUrl\":\"https:\\\/\\\/cze-france.fr\\\/wp-content\\\/uploads\\\/2023\\\/05\\\/2.png\",\"width\":500,\"height\":500},{\"@type\":\"BreadcrumbList\",\"@id\":\"https:\\\/\\\/cze-france.fr\\\/es\\\/#breadcrumb\",\"itemListElement\":[{\"@type\":\"ListItem\",\"position\":1,\"name\":\"Accueil\",\"item\":\"https:\\\/\\\/cze-france.fr\\\/es\\\/soluciones-industriales-para-el-sector-del-automovil\\\/\"},{\"@type\":\"ListItem\",\"position\":2,\"name\":\"Soluciones industriales para el sector del autom\u00f3vil\"}]},{\"@type\":\"WebSite\",\"@id\":\"https:\\\/\\\/cze-france.fr\\\/es\\\/#website\",\"url\":\"https:\\\/\\\/cze-france.fr\\\/es\\\/\",\"name\":\"CZE France\",\"description\":\"Solutions industrielles pour centres VHU\",\"publisher\":{\"@id\":\"https:\\\/\\\/cze-france.fr\\\/es\\\/#organization\"},\"potentialAction\":[{\"@type\":\"SearchAction\",\"target\":{\"@type\":\"EntryPoint\",\"urlTemplate\":\"https:\\\/\\\/cze-france.fr\\\/es\\\/?s={search_term_string}\"},\"query-input\":{\"@type\":\"PropertyValueSpecification\",\"valueRequired\":true,\"valueName\":\"search_term_string\"}}],\"inLanguage\":\"es\"},{\"@type\":\"Organization\",\"@id\":\"https:\\\/\\\/cze-france.fr\\\/es\\\/#organization\",\"name\":\"CZE France\",\"url\":\"https:\\\/\\\/cze-france.fr\\\/es\\\/\",\"logo\":{\"@type\":\"ImageObject\",\"inLanguage\":\"es\",\"@id\":\"https:\\\/\\\/cze-france.fr\\\/es\\\/#\\\/schema\\\/logo\\\/image\\\/\",\"url\":\"https:\\\/\\\/cze-france.fr\\\/wp-content\\\/uploads\\\/2022\\\/12\\\/LOGO-LEITE.png\",\"contentUrl\":\"https:\\\/\\\/cze-france.fr\\\/wp-content\\\/uploads\\\/2022\\\/12\\\/LOGO-LEITE.png\",\"width\":1024,\"height\":512,\"caption\":\"CZE France\"},\"image\":{\"@id\":\"https:\\\/\\\/cze-france.fr\\\/es\\\/#\\\/schema\\\/logo\\\/image\\\/\"},\"sameAs\":[\"https:\\\/\\\/www.facebook.com\\\/profile.php?id=100089192656837\",\"https:\\\/\\\/www.instagram.com\\\/leite_france_minipelle\\\/\",\"https:\\\/\\\/www.linkedin.com\\\/company\\\/leite-france\\\/\"]}]}<\/script>\n<!-- \/ Yoast SEO plugin. -->","yoast_head_json":{"title":"Soluciones industriales para el sector del autom\u00f3vil -","description":"Con muchos a\u00f1os de experiencia en la industria del autom\u00f3vil, CZE Francia ofrece soluciones personalizadas para tus necesidades espec\u00edficas.","robots":{"index":"index","follow":"follow","max-snippet":"max-snippet:-1","max-image-preview":"max-image-preview:large","max-video-preview":"max-video-preview:-1"},"canonical":"https:\/\/cze-france.fr\/es\/","og_locale":"es_ES","og_type":"article","og_title":"Soluciones industriales para el sector del autom\u00f3vil -","og_description":"Con muchos a\u00f1os de experiencia en la industria del autom\u00f3vil, CZE Francia ofrece soluciones personalizadas para tus necesidades espec\u00edficas.","og_url":"https:\/\/cze-france.fr\/es\/","og_site_name":"CZE France","article_publisher":"https:\/\/www.facebook.com\/profile.php?id=100089192656837","article_modified_time":"2024-09-17T09:16:46+00:00","og_image":[{"width":500,"height":500,"url":"https:\/\/cze-france.fr\/wp-content\/uploads\/2023\/05\/2.png","type":"image\/png"}],"twitter_card":"summary_large_image","twitter_misc":{"Tiempo de lectura":"5 minutos"},"schema":{"@context":"https:\/\/schema.org","@graph":[{"@type":"WebPage","@id":"https:\/\/cze-france.fr\/es\/","url":"https:\/\/cze-france.fr\/es\/","name":"Soluciones industriales para el sector del autom\u00f3vil -","isPartOf":{"@id":"https:\/\/cze-france.fr\/es\/#website"},"primaryImageOfPage":{"@id":"https:\/\/cze-france.fr\/es\/#primaryimage"},"image":{"@id":"https:\/\/cze-france.fr\/es\/#primaryimage"},"thumbnailUrl":"https:\/\/cze-france.fr\/wp-content\/uploads\/2023\/05\/2.png","datePublished":"2023-07-04T13:00:01+00:00","dateModified":"2024-09-17T09:16:46+00:00","description":"Con muchos a\u00f1os de experiencia en la industria del autom\u00f3vil, CZE Francia ofrece soluciones personalizadas para tus necesidades espec\u00edficas.","breadcrumb":{"@id":"https:\/\/cze-france.fr\/es\/#breadcrumb"},"inLanguage":"es","potentialAction":[{"@type":"ReadAction","target":["https:\/\/cze-france.fr\/es\/"]}]},{"@type":"ImageObject","inLanguage":"es","@id":"https:\/\/cze-france.fr\/es\/#primaryimage","url":"https:\/\/cze-france.fr\/wp-content\/uploads\/2023\/05\/2.png","contentUrl":"https:\/\/cze-france.fr\/wp-content\/uploads\/2023\/05\/2.png","width":500,"height":500},{"@type":"BreadcrumbList","@id":"https:\/\/cze-france.fr\/es\/#breadcrumb","itemListElement":[{"@type":"ListItem","position":1,"name":"Accueil","item":"https:\/\/cze-france.fr\/es\/soluciones-industriales-para-el-sector-del-automovil\/"},{"@type":"ListItem","position":2,"name":"Soluciones industriales para el sector del autom\u00f3vil"}]},{"@type":"WebSite","@id":"https:\/\/cze-france.fr\/es\/#website","url":"https:\/\/cze-france.fr\/es\/","name":"CZE France","description":"Solutions industrielles pour centres VHU","publisher":{"@id":"https:\/\/cze-france.fr\/es\/#organization"},"potentialAction":[{"@type":"SearchAction","target":{"@type":"EntryPoint","urlTemplate":"https:\/\/cze-france.fr\/es\/?s={search_term_string}"},"query-input":{"@type":"PropertyValueSpecification","valueRequired":true,"valueName":"search_term_string"}}],"inLanguage":"es"},{"@type":"Organization","@id":"https:\/\/cze-france.fr\/es\/#organization","name":"CZE France","url":"https:\/\/cze-france.fr\/es\/","logo":{"@type":"ImageObject","inLanguage":"es","@id":"https:\/\/cze-france.fr\/es\/#\/schema\/logo\/image\/","url":"https:\/\/cze-france.fr\/wp-content\/uploads\/2022\/12\/LOGO-LEITE.png","contentUrl":"https:\/\/cze-france.fr\/wp-content\/uploads\/2022\/12\/LOGO-LEITE.png","width":1024,"height":512,"caption":"CZE France"},"image":{"@id":"https:\/\/cze-france.fr\/es\/#\/schema\/logo\/image\/"},"sameAs":["https:\/\/www.facebook.com\/profile.php?id=100089192656837","https:\/\/www.instagram.com\/leite_france_minipelle\/","https:\/\/www.linkedin.com\/company\/leite-france\/"]}]}},"_links":{"self":[{"href":"https:\/\/cze-france.fr\/es\/wp-json\/wp\/v2\/pages\/2237","targetHints":{"allow":["GET"]}}],"collection":[{"href":"https:\/\/cze-france.fr\/es\/wp-json\/wp\/v2\/pages"}],"about":[{"href":"https:\/\/cze-france.fr\/es\/wp-json\/wp\/v2\/types\/page"}],"author":[{"embeddable":true,"href":"https:\/\/cze-france.fr\/es\/wp-json\/wp\/v2\/users\/3"}],"replies":[{"embeddable":true,"href":"https:\/\/cze-france.fr\/es\/wp-json\/wp\/v2\/comments?post=2237"}],"version-history":[{"count":6,"href":"https:\/\/cze-france.fr\/es\/wp-json\/wp\/v2\/pages\/2237\/revisions"}],"predecessor-version":[{"id":2335,"href":"https:\/\/cze-france.fr\/es\/wp-json\/wp\/v2\/pages\/2237\/revisions\/2335"}],"wp:featuredmedia":[{"embeddable":true,"href":"https:\/\/cze-france.fr\/es\/wp-json\/wp\/v2\/media\/2138"}],"wp:attachment":[{"href":"https:\/\/cze-france.fr\/es\/wp-json\/wp\/v2\/media?parent=2237"}],"curies":[{"name":"wp","href":"https:\/\/api.w.org\/{rel}","templated":true}]}}