{"id":2259,"date":"2023-10-19T12:01:37","date_gmt":"2023-10-19T10:01:37","guid":{"rendered":"https:\/\/cze-france.fr\/separador-de-cobre\/"},"modified":"2024-09-17T11:51:34","modified_gmt":"2024-09-17T09:51:34","slug":"separador-de-cobre","status":"publish","type":"page","link":"https:\/\/cze-france.fr\/es\/separador-de-cobre\/","title":{"rendered":"Separador de cobre"},"content":{"rendered":"<p>[et_pb_section fb_built=\u00bb1&#8243; specialty=\u00bbon\u00bb _builder_version=\u00bb4.22.1&#8243; _module_preset=\u00bbdefault\u00bb use_background_color_gradient=\u00bbon\u00bb background_color_gradient_stops=\u00bbrgba(68,66,69,0.35) 0%|#ffffff 99%\u00bb global_colors_info=\u00bb{}\u00bb][et_pb_column type=\u00bb1_2&#8243; specialty_columns=\u00bb2&#8243; _builder_version=\u00bb4.16&#8243; custom_padding=\u00bb|||\u00bb global_colors_info=\u00bb{}\u00bb custom_padding__hover=\u00bb|||\u00bb][et_pb_row_inner _builder_version=\u00bb4.22.1&#8243; _module_preset=\u00bbdefault\u00bb global_colors_info=\u00bb{}\u00bb][et_pb_column_inner saved_specialty_column_type=\u00bb1_2&#8243; _builder_version=\u00bb4.22.1&#8243; _module_preset=\u00bbdefault\u00bb global_colors_info=\u00bb{}\u00bb][et_pb_text _builder_version=\u00bb4.22.1&#8243; _module_preset=\u00bbdefault\u00bb header_font=\u00bb|||on|||||\u00bb header_text_color=\u00bb#E75F0D\u00bb header_font_size=\u00bb80px\u00bb global_colors_info=\u00bb{}\u00bb]<\/p>\n<h1 style=\"text-align: center;\">Separador de cobre<\/h1>\n<p>[\/et_pb_text][et_pb_text _builder_version=\u00bb4.22.1&#8243; _module_preset=\u00bbdefault\u00bb text_font_size=\u00bb20px\u00bb header_font_size=\u00bb20px\u00bb global_colors_info=\u00bb{}\u00bb]<\/p>\n<p style=\"text-align: center;\">Convierte tus residuos en riqueza<\/p>\n<p>[\/et_pb_text][\/et_pb_column_inner][\/et_pb_row_inner][\/et_pb_column][et_pb_column type=\u00bb1_2&#8243; _builder_version=\u00bb4.16&#8243; custom_padding=\u00bb|||\u00bb global_colors_info=\u00bb{}\u00bb custom_padding__hover=\u00bb|||\u00bb][et_pb_image src=\u00bbhttps:\/\/cze-france.fr\/wp-content\/uploads\/2023\/10\/Separateur-de-cuivre-CZE-FRANCE.png\u00bb alt=\u00bbSeparador de cobre CZE FRANCIA\u00bb title_text=\u00bbSeparador de cobre CZE FRANCIA\u00bb _builder_version=\u00bb4.22.1&#8243; _module_preset=\u00bbdefault\u00bb global_colors_info=\u00bb{}\u00bb][\/et_pb_image][\/et_pb_column][\/et_pb_section][et_pb_section fb_built=\u00bb1&#8243; _builder_version=\u00bb4.22.1&#8243; _module_preset=\u00bbdefault\u00bb background_color=\u00bb#444245&#8243; global_colors_info=\u00bb{}\u00bb][et_pb_row column_structure=\u00bb1_2,1_2&#8243; _builder_version=\u00bb4.22.1&#8243; _module_preset=\u00bbdefault\u00bb global_colors_info=\u00bb{}\u00bb][et_pb_column type=\u00bb1_2&#8243; _builder_version=\u00bb4.22.1&#8243; _module_preset=\u00bbdefault\u00bb global_colors_info=\u00bb{}\u00bb][et_pb_text _builder_version=\u00bb4.22.1&#8243; _module_preset=\u00bbdefault\u00bb header_3_text_color=\u00bb#FFFFFF\u00bb background_color=\u00bb#E75F0D\u00bb custom_padding=\u00bb20px|20px|20px|20px|false|false\u00bb global_colors_info=\u00bb{}\u00bb]<\/p>\n<h3><strong>Modelo:<\/strong> V-C02<\/h3>\n<h3><strong>Alcance del cable:<\/strong> 0,1 ~ 30 mm<\/h3>\n<h3><strong>Potencia:<\/strong> 4,2 kW<\/h3>\n<h3><strong>Producci\u00f3n:<\/strong> 20~40Kg\/h<\/h3>\n<h3><strong>Peso neto \/ Peso bruto:<\/strong> 328Kg\/368Kg<\/h3>\n<h3><strong>Dimensiones:<\/strong> 88 x 74 x 173 cm<\/h3>\n<p>[\/et_pb_text][\/et_pb_column][et_pb_column type=\u00bb1_2&#8243; _builder_version=\u00bb4.22.1&#8243; _module_preset=\u00bbdefault\u00bb global_colors_info=\u00bb{}\u00bb][et_pb_text _builder_version=\u00bb4.22.1&#8243; _module_preset=\u00bbdefault\u00bb text_text_color=\u00bb#FFFFFF\u00bb global_colors_info=\u00bb{}\u00bb]<\/p>\n<p>El separador de cobre V-C02 es una soluci\u00f3n completa dise\u00f1ada para transformar los residuos de cables en gr\u00e1nulos de cobre y pl\u00e1stico para su reciclaje. Esta m\u00e1quina procesa una gran variedad de cables, como cables de autom\u00f3viles, cables de comunicaciones y otros tipos de cables, y ofrece un rendimiento fiable y un funcionamiento sencillo. <\/p>\n<p>&nbsp;<\/p>\n<ul>\n<li><strong>Fiabilidad y facilidad de uso:<\/strong> Dise\u00f1ado para un rendimiento estable y facilidad de uso.<\/li>\n<\/ul>\n<p>&nbsp;<\/p>\n<ul>\n<li><strong>Tasa de separaci\u00f3n del cobre:<\/strong> 99,99<\/li>\n<\/ul>\n<p>[\/et_pb_text][\/et_pb_column][\/et_pb_row][\/et_pb_section][et_pb_section fb_built=\u00bb1&#8243; specialty=\u00bbon\u00bb _builder_version=\u00bb4.22.1&#8243; _module_preset=\u00bbdefault\u00bb global_colors_info=\u00bb{}\u00bb][et_pb_column type=\u00bb1_2&#8243; specialty_columns=\u00bb2&#8243; _builder_version=\u00bb4.16&#8243; custom_padding=\u00bb|||\u00bb global_colors_info=\u00bb{}\u00bb custom_padding__hover=\u00bb|||\u00bb][et_pb_row_inner column_structure=\u00bb1_2,1_2&#8243; _builder_version=\u00bb4.22.1&#8243; _module_preset=\u00bbdefault\u00bb global_colors_info=\u00bb{}\u00bb][et_pb_column_inner type=\u00bb1_2&#8243; saved_specialty_column_type=\u00bb1_2&#8243; _builder_version=\u00bb4.22.1&#8243; _module_preset=\u00bbdefault\u00bb global_colors_info=\u00bb{}\u00bb][et_pb_image src=\u00bbhttps:\/\/cze-france.fr\/wp-content\/uploads\/2023\/10\/Separateur-de-cuivre-4.png\u00bb alt=\u00bbSeparador de cobre CZE FRANCIA\u00bb title_text=\u00bbSeparador de cobre (4)\u00bb _builder_version=\u00bb4.22.1&#8243; _module_preset=\u00bbdefault\u00bb global_colors_info=\u00bb{}\u00bb][\/et_pb_image][et_pb_image src=\u00bbhttps:\/\/cze-france.fr\/wp-content\/uploads\/2023\/10\/Separateur-de-cuivre-3.png\u00bb alt=\u00bbSeparador de cobre CZE FRANCIA\u00bb title_text=\u00bbSeparador de cobre (3)\u00bb _builder_version=\u00bb4.22.1&#8243; _module_preset=\u00bbdefault\u00bb global_colors_info=\u00bb{}\u00bb][\/et_pb_image][\/et_pb_column_inner][et_pb_column_inner type=\u00bb1_2&#8243; saved_specialty_column_type=\u00bb1_2&#8243; _builder_version=\u00bb4.22.1&#8243; _module_preset=\u00bbdefault\u00bb global_colors_info=\u00bb{}\u00bb][et_pb_image src=\u00bbhttps:\/\/cze-france.fr\/wp-content\/uploads\/2023\/10\/Separateur-de-cuivre-5.png\u00bb alt=\u00bbSeparador de cobre CZE FRANCIA\u00bb title_text=\u00bbSeparador de cobre (5)\u00bb _builder_version=\u00bb4.22.1&#8243; _module_preset=\u00bbdefault\u00bb global_colors_info=\u00bb{}\u00bb][\/et_pb_image][et_pb_image src=\u00bbhttps:\/\/cze-france.fr\/wp-content\/uploads\/2023\/10\/Separateur-de-cuivre-1.png\u00bb alt=\u00bbSeparador de cobre CZE FRANCIA\u00bb title_text=\u00bbSeparador de cobre (1)\u00bb _builder_version=\u00bb4.22.1&#8243; _module_preset=\u00bbdefault\u00bb global_colors_info=\u00bb{}\u00bb][\/et_pb_image][\/et_pb_column_inner][\/et_pb_row_inner][\/et_pb_column][et_pb_column type=\u00bb1_2&#8243; _builder_version=\u00bb4.16&#8243; custom_padding=\u00bb|||\u00bb global_colors_info=\u00bb{}\u00bb custom_padding__hover=\u00bb|||\u00bb][et_pb_text _builder_version=\u00bb4.22.1&#8243; _module_preset=\u00bbdefault\u00bb global_colors_info=\u00bb{}\u00bb]<\/p>\n<p><strong>Componentes principales :<\/strong><\/p>\n<ul>\n<li><strong>Separador por vibraci\u00f3n:<\/strong> potencia de 0,08 kw, utilizado para separar los gr\u00e1nulos de cable triturados y mezclados en cobre puro y pl\u00e1stico puro.<\/li>\n<li><strong>Granuladora:<\/strong> potencia de 3kw, utilizada para triturar cables en bruto y convertirlos en peque\u00f1os gr\u00e1nulos.<\/li>\n<li><strong>Soplador de Aire + Ventilador de Extracci\u00f3n de Pol<\/strong> vo<strong>:<\/strong> Potencia 0,75kw+0,37kw, utilizados para separar los gr\u00e1nulos de pl\u00e1stico de los gr\u00e1nulos de cobre y recoger el polvo.<\/li>\n<li><strong>Panel de control el\u00e9ctrico:<\/strong> Comprueba que todas las piezas de la m\u00e1quina funcionan correctamente.<\/li>\n<\/ul>\n<p>[\/et_pb_text][\/et_pb_column][\/et_pb_section][et_pb_section fb_built=\u00bb1&#8243; _builder_version=\u00bb4.22.1&#8243; _module_preset=\u00bbdefault\u00bb background_color=\u00bb#E75F0D\u00bb global_colors_info=\u00bb{}\u00bb][et_pb_row column_structure=\u00bb3_5,2_5&#8243; _builder_version=\u00bb4.22.1&#8243; _module_preset=\u00bbdefault\u00bb global_colors_info=\u00bb{}\u00bb][et_pb_column type=\u00bb3_5&#8243; _builder_version=\u00bb4.22.1&#8243; _module_preset=\u00bbdefault\u00bb global_colors_info=\u00bb{}\u00bb][et_pb_text _builder_version=\u00bb4.22.1&#8243; _module_preset=\u00bbdefault\u00bb header_2_text_color=\u00bb#FFFFFF\u00bb global_colors_info=\u00bb{}\u00bb]<\/p>\n<h2>Precio del separador de cobre<\/h2>\n<p>[\/et_pb_text][et_pb_text _builder_version=\u00bb4.22.1&#8243; _module_preset=\u00bbdefault\u00bb header_3_text_color=\u00bb#FFFFFF\u00bb global_colors_info=\u00bb{}\u00bb]<\/p>\n<h3>Pantalla separadora de salida opcional a 1200 euros sin IVA<\/h3>\n<p>[\/et_pb_text][\/et_pb_column][et_pb_column type=\u00bb2_5&#8243; _builder_version=\u00bb4.22.1&#8243; _module_preset=\u00bbdefault\u00bb global_colors_info=\u00bb{}\u00bb][et_pb_text _builder_version=\u00bb4.22.1&#8243; _module_preset=\u00bbdefault\u00bb header_2_text_color=\u00bb#FFFFFF\u00bb header_2_font_size=\u00bb50px\u00bb global_colors_info=\u00bb{}\u00bb]<\/p>\n<h2 style=\"text-align: right;\">7920 SIN IVA<\/h2>\n<p>[\/et_pb_text][et_pb_text _builder_version=\u00bb4.22.1&#8243; _module_preset=\u00bbdefault\u00bb header_2_text_color=\u00bb#FFFFFF\u00bb global_colors_info=\u00bb{}\u00bb]<\/p>\n<h2 style=\"text-align: right;\">9504 \u20ac IVA INC<\/h2>\n<p>[\/et_pb_text][\/et_pb_column][\/et_pb_row][\/et_pb_section][et_pb_section fb_built=\u00bb1&#8243; _builder_version=\u00bb4.22.1&#8243; _module_preset=\u00bbdefault\u00bb background_color=\u00bb#FFFFFF\u00bb global_colors_info=\u00bb{}\u00bb][et_pb_row column_structure=\u00bb1_2,1_2&#8243; _builder_version=\u00bb4.22.1&#8243; _module_preset=\u00bbdefault\u00bb global_colors_info=\u00bb{}\u00bb][et_pb_column type=\u00bb1_2&#8243; _builder_version=\u00bb4.22.1&#8243; _module_preset=\u00bbdefault\u00bb global_colors_info=\u00bb{}\u00bb][et_pb_text _builder_version=\u00bb4.22.1&#8243; _module_preset=\u00bbdefault\u00bb header_2_text_color=\u00bb#E75F0D\u00bb global_colors_info=\u00bb{}\u00bb]<\/p>\n<h2>Maximizar los beneficios y la sostenibilidad: el separador de cobre revoluciona el reciclaje en los centros de VFU<\/h2>\n<p>[\/et_pb_text][et_pb_text _builder_version=\u00bb4.22.1&#8243; _module_preset=\u00bbdefault\u00bb text_text_color=\u00bb#000000&#8243; text_orientation=\u00bbjustified\u00bb global_colors_info=\u00bb{}\u00bb]<\/p>\n<p>En el sector de la automoci\u00f3n, sobre todo en los centros de tratamiento de veh\u00edculos al final de su vida \u00fatil (VFU), es crucial optimizar los procesos de reciclaje. Uno de los materiales m\u00e1s valiosos que se encuentran en estos veh\u00edculos es el cobre, un metal altamente reciclable y muy demandado en el mercado mundial. Sin embargo, el valor del cobre recuperado puede variar considerablemente en funci\u00f3n de su pureza y forma. Ah\u00ed es donde entra en juego el Separador de Cobre, una innovaci\u00f3n revolucionaria que promete transformar la forma en que los centros de VFU gestionan y obtienen beneficios del cobre recuperado.   <\/p>\n<p>El separador de cobre est\u00e1 dise\u00f1ado para extraer eficazmente el cobre de cables e hilos el\u00e9ctricos, separando el metal de cualquier revestimiento o material aislante. Esta separaci\u00f3n es crucial, ya que puede aumentar significativamente el valor del cobre recuperado. En general, el cobre decapado (es decir, el que a\u00fan est\u00e1 rodeado por su aislamiento de pl\u00e1stico) se vende a entre 1 y 1,50 euros el kilo. El cobre decapado, en cambio, puede alcanzar hasta 6,50 \u20ac\/kg, dependiendo de su calidad y pureza. Esta diferencia de precio es significativa, y puede traducirse en un ahorro considerable a largo plazo.    <\/p>\n<p>[\/et_pb_text][\/et_pb_column][et_pb_column type=\u00bb1_2&#8243; _builder_version=\u00bb4.22.1&#8243; _module_preset=\u00bbdefault\u00bb global_colors_info=\u00bb{}\u00bb][et_pb_text _builder_version=\u00bb4.22.1&#8243; _module_preset=\u00bbdefault\u00bb text_text_color=\u00bb#000000&#8243; text_orientation=\u00bbjustified\u00bb global_colors_info=\u00bb{}\u00bb]<\/p>\n<p>Considera un centro de VFU t\u00edpico que procesa unos 10 veh\u00edculos al d\u00eda. Si cada veh\u00edculo contiene una media de 2 kg de cobre, eso supone 20 kg de cobre al d\u00eda. Vendiendo este cobre despojado, un centro podr\u00eda ganar unos 30 euros al d\u00eda. Sin embargo, con el uso de un separador de cobre, este mismo cobre podr\u00eda decaparse y venderse potencialmente por 130 \u20ac al d\u00eda. A lo largo de un a\u00f1o de 250 d\u00edas laborables, esto representa una diferencia de 25.000 euros, simplemente aumentando la pureza del cobre recuperado.    <\/p>\n<p>Aparte del aspecto econ\u00f3mico, el uso de un separador de cobre tambi\u00e9n forma parte de un planteamiento ecorresponsable. El cobre es un elemento clave en muchas aplicaciones respetuosas con el medio ambiente, como las energ\u00edas renovables. Al maximizar la recuperaci\u00f3n y reventa de cobre puro, los centros de VFU contribuyen a reducir la cantidad de residuos, minimizar la huella de carbono y apoyar una econom\u00eda circular en la que los recursos se reutilizan de forma sostenible.  <\/p>\n<p>En conclusi\u00f3n, invertir en un separador de cobre ofrece ventajas considerables a los centros de VFU. No s\u00f3lo aumenta los ingresos mediante la venta de cobre de mayor calidad, sino que tambi\u00e9n apoya pr\u00e1cticas sostenibles cada vez m\u00e1s valoradas y exigidas por los consumidores y la legislaci\u00f3n medioambiental. En un mercado competitivo, un separador de cobre puede ser el factor decisivo que acerque a tu centro de VFU un paso m\u00e1s hacia el futuro del reciclaje de autom\u00f3viles.  <\/p>\n<p>[\/et_pb_text][\/et_pb_column][\/et_pb_row][\/et_pb_section]<\/p>\n","protected":false},"excerpt":{"rendered":"<p>Separador de cobreConvierte tus residuos en riquezaModelo: V-C02 Alcance del cable: 0,1 ~ 30 mm Potencia: 4,2 kW Producci\u00f3n: 20~40Kg\/h Peso neto \/ Peso bruto: 328Kg\/368Kg Dimensiones: 88 x 74 x 173 cmEl separador de cobre V-C02 es una soluci\u00f3n completa dise\u00f1ada para transformar los residuos de cables en gr\u00e1nulos de cobre y pl\u00e1stico para [&hellip;]<\/p>\n","protected":false},"author":3,"featured_media":2174,"parent":0,"menu_order":0,"comment_status":"closed","ping_status":"closed","template":"","meta":{"_et_pb_use_builder":"on","_et_pb_old_content":"","_et_gb_content_width":"","footnotes":""},"class_list":["post-2259","page","type-page","status-publish","has-post-thumbnail","hentry"],"yoast_head":"<!-- This site is optimized with the Yoast SEO plugin v27.5 - https:\/\/yoast.com\/product\/yoast-seo-wordpress\/ -->\n<title>Separador de cobre -<\/title>\n<meta name=\"description\" content=\"Maximiza el reciclaje con nuestro separador de cobre: pureza del 99,99%, alta eficacia y r\u00e1pido retorno de la inversi\u00f3n. Convierte los residuos en dinero\" \/>\n<meta name=\"robots\" content=\"index, follow, max-snippet:-1, max-image-preview:large, max-video-preview:-1\" \/>\n<link rel=\"canonical\" href=\"https:\/\/cze-france.fr\/es\/separador-de-cobre\/\" \/>\n<meta property=\"og:locale\" content=\"es_ES\" \/>\n<meta property=\"og:type\" content=\"article\" \/>\n<meta property=\"og:title\" content=\"Separador de cobre -\" \/>\n<meta property=\"og:description\" content=\"Maximiza el reciclaje con nuestro separador de cobre: pureza del 99,99%, alta eficacia y r\u00e1pido retorno de la inversi\u00f3n. Convierte los residuos en dinero\" \/>\n<meta property=\"og:url\" content=\"https:\/\/cze-france.fr\/es\/separador-de-cobre\/\" \/>\n<meta property=\"og:site_name\" content=\"CZE France\" \/>\n<meta property=\"article:publisher\" content=\"https:\/\/www.facebook.com\/profile.php?id=100089192656837\" \/>\n<meta property=\"article:modified_time\" content=\"2024-09-17T09:51:34+00:00\" \/>\n<meta property=\"og:image\" content=\"https:\/\/cze-france.fr\/wp-content\/uploads\/2023\/10\/Separateur-de-cuivre-CZE-FRANCE.png\" \/>\n\t<meta property=\"og:image:width\" content=\"1080\" \/>\n\t<meta property=\"og:image:height\" content=\"1080\" \/>\n\t<meta property=\"og:image:type\" content=\"image\/png\" \/>\n<meta name=\"twitter:card\" content=\"summary_large_image\" \/>\n<meta name=\"twitter:label1\" content=\"Tiempo de lectura\" \/>\n\t<meta name=\"twitter:data1\" content=\"8 minutos\" \/>\n<script type=\"application\/ld+json\" class=\"yoast-schema-graph\">{\"@context\":\"https:\\\/\\\/schema.org\",\"@graph\":[{\"@type\":\"WebPage\",\"@id\":\"https:\\\/\\\/cze-france.fr\\\/es\\\/separador-de-cobre\\\/\",\"url\":\"https:\\\/\\\/cze-france.fr\\\/es\\\/separador-de-cobre\\\/\",\"name\":\"Separador de cobre -\",\"isPartOf\":{\"@id\":\"https:\\\/\\\/cze-france.fr\\\/es\\\/#website\"},\"primaryImageOfPage\":{\"@id\":\"https:\\\/\\\/cze-france.fr\\\/es\\\/separador-de-cobre\\\/#primaryimage\"},\"image\":{\"@id\":\"https:\\\/\\\/cze-france.fr\\\/es\\\/separador-de-cobre\\\/#primaryimage\"},\"thumbnailUrl\":\"https:\\\/\\\/cze-france.fr\\\/wp-content\\\/uploads\\\/2023\\\/10\\\/Separateur-de-cuivre-CZE-FRANCE.png\",\"datePublished\":\"2023-10-19T10:01:37+00:00\",\"dateModified\":\"2024-09-17T09:51:34+00:00\",\"description\":\"Maximiza el reciclaje con nuestro separador de cobre: pureza del 99,99%, alta eficacia y r\u00e1pido retorno de la inversi\u00f3n. Convierte los residuos en dinero\",\"breadcrumb\":{\"@id\":\"https:\\\/\\\/cze-france.fr\\\/es\\\/separador-de-cobre\\\/#breadcrumb\"},\"inLanguage\":\"es\",\"potentialAction\":[{\"@type\":\"ReadAction\",\"target\":[\"https:\\\/\\\/cze-france.fr\\\/es\\\/separador-de-cobre\\\/\"]}]},{\"@type\":\"ImageObject\",\"inLanguage\":\"es\",\"@id\":\"https:\\\/\\\/cze-france.fr\\\/es\\\/separador-de-cobre\\\/#primaryimage\",\"url\":\"https:\\\/\\\/cze-france.fr\\\/wp-content\\\/uploads\\\/2023\\\/10\\\/Separateur-de-cuivre-CZE-FRANCE.png\",\"contentUrl\":\"https:\\\/\\\/cze-france.fr\\\/wp-content\\\/uploads\\\/2023\\\/10\\\/Separateur-de-cuivre-CZE-FRANCE.png\",\"width\":1080,\"height\":1080},{\"@type\":\"BreadcrumbList\",\"@id\":\"https:\\\/\\\/cze-france.fr\\\/es\\\/separador-de-cobre\\\/#breadcrumb\",\"itemListElement\":[{\"@type\":\"ListItem\",\"position\":1,\"name\":\"Accueil\",\"item\":\"https:\\\/\\\/cze-france.fr\\\/es\\\/soluciones-industriales-para-el-sector-del-automovil\\\/\"},{\"@type\":\"ListItem\",\"position\":2,\"name\":\"Separador de cobre\"}]},{\"@type\":\"WebSite\",\"@id\":\"https:\\\/\\\/cze-france.fr\\\/es\\\/#website\",\"url\":\"https:\\\/\\\/cze-france.fr\\\/es\\\/\",\"name\":\"CZE France\",\"description\":\"Solutions industrielles pour centres VHU\",\"publisher\":{\"@id\":\"https:\\\/\\\/cze-france.fr\\\/es\\\/#organization\"},\"potentialAction\":[{\"@type\":\"SearchAction\",\"target\":{\"@type\":\"EntryPoint\",\"urlTemplate\":\"https:\\\/\\\/cze-france.fr\\\/es\\\/?s={search_term_string}\"},\"query-input\":{\"@type\":\"PropertyValueSpecification\",\"valueRequired\":true,\"valueName\":\"search_term_string\"}}],\"inLanguage\":\"es\"},{\"@type\":\"Organization\",\"@id\":\"https:\\\/\\\/cze-france.fr\\\/es\\\/#organization\",\"name\":\"CZE France\",\"url\":\"https:\\\/\\\/cze-france.fr\\\/es\\\/\",\"logo\":{\"@type\":\"ImageObject\",\"inLanguage\":\"es\",\"@id\":\"https:\\\/\\\/cze-france.fr\\\/es\\\/#\\\/schema\\\/logo\\\/image\\\/\",\"url\":\"https:\\\/\\\/cze-france.fr\\\/wp-content\\\/uploads\\\/2022\\\/12\\\/LOGO-LEITE.png\",\"contentUrl\":\"https:\\\/\\\/cze-france.fr\\\/wp-content\\\/uploads\\\/2022\\\/12\\\/LOGO-LEITE.png\",\"width\":1024,\"height\":512,\"caption\":\"CZE France\"},\"image\":{\"@id\":\"https:\\\/\\\/cze-france.fr\\\/es\\\/#\\\/schema\\\/logo\\\/image\\\/\"},\"sameAs\":[\"https:\\\/\\\/www.facebook.com\\\/profile.php?id=100089192656837\",\"https:\\\/\\\/www.instagram.com\\\/leite_france_minipelle\\\/\",\"https:\\\/\\\/www.linkedin.com\\\/company\\\/leite-france\\\/\"]}]}<\/script>\n<!-- \/ Yoast SEO plugin. -->","yoast_head_json":{"title":"Separador de cobre -","description":"Maximiza el reciclaje con nuestro separador de cobre: pureza del 99,99%, alta eficacia y r\u00e1pido retorno de la inversi\u00f3n. Convierte los residuos en dinero","robots":{"index":"index","follow":"follow","max-snippet":"max-snippet:-1","max-image-preview":"max-image-preview:large","max-video-preview":"max-video-preview:-1"},"canonical":"https:\/\/cze-france.fr\/es\/separador-de-cobre\/","og_locale":"es_ES","og_type":"article","og_title":"Separador de cobre -","og_description":"Maximiza el reciclaje con nuestro separador de cobre: pureza del 99,99%, alta eficacia y r\u00e1pido retorno de la inversi\u00f3n. Convierte los residuos en dinero","og_url":"https:\/\/cze-france.fr\/es\/separador-de-cobre\/","og_site_name":"CZE France","article_publisher":"https:\/\/www.facebook.com\/profile.php?id=100089192656837","article_modified_time":"2024-09-17T09:51:34+00:00","og_image":[{"width":1080,"height":1080,"url":"https:\/\/cze-france.fr\/wp-content\/uploads\/2023\/10\/Separateur-de-cuivre-CZE-FRANCE.png","type":"image\/png"}],"twitter_card":"summary_large_image","twitter_misc":{"Tiempo de lectura":"8 minutos"},"schema":{"@context":"https:\/\/schema.org","@graph":[{"@type":"WebPage","@id":"https:\/\/cze-france.fr\/es\/separador-de-cobre\/","url":"https:\/\/cze-france.fr\/es\/separador-de-cobre\/","name":"Separador de cobre -","isPartOf":{"@id":"https:\/\/cze-france.fr\/es\/#website"},"primaryImageOfPage":{"@id":"https:\/\/cze-france.fr\/es\/separador-de-cobre\/#primaryimage"},"image":{"@id":"https:\/\/cze-france.fr\/es\/separador-de-cobre\/#primaryimage"},"thumbnailUrl":"https:\/\/cze-france.fr\/wp-content\/uploads\/2023\/10\/Separateur-de-cuivre-CZE-FRANCE.png","datePublished":"2023-10-19T10:01:37+00:00","dateModified":"2024-09-17T09:51:34+00:00","description":"Maximiza el reciclaje con nuestro separador de cobre: pureza del 99,99%, alta eficacia y r\u00e1pido retorno de la inversi\u00f3n. Convierte los residuos en dinero","breadcrumb":{"@id":"https:\/\/cze-france.fr\/es\/separador-de-cobre\/#breadcrumb"},"inLanguage":"es","potentialAction":[{"@type":"ReadAction","target":["https:\/\/cze-france.fr\/es\/separador-de-cobre\/"]}]},{"@type":"ImageObject","inLanguage":"es","@id":"https:\/\/cze-france.fr\/es\/separador-de-cobre\/#primaryimage","url":"https:\/\/cze-france.fr\/wp-content\/uploads\/2023\/10\/Separateur-de-cuivre-CZE-FRANCE.png","contentUrl":"https:\/\/cze-france.fr\/wp-content\/uploads\/2023\/10\/Separateur-de-cuivre-CZE-FRANCE.png","width":1080,"height":1080},{"@type":"BreadcrumbList","@id":"https:\/\/cze-france.fr\/es\/separador-de-cobre\/#breadcrumb","itemListElement":[{"@type":"ListItem","position":1,"name":"Accueil","item":"https:\/\/cze-france.fr\/es\/soluciones-industriales-para-el-sector-del-automovil\/"},{"@type":"ListItem","position":2,"name":"Separador de cobre"}]},{"@type":"WebSite","@id":"https:\/\/cze-france.fr\/es\/#website","url":"https:\/\/cze-france.fr\/es\/","name":"CZE France","description":"Solutions industrielles pour centres VHU","publisher":{"@id":"https:\/\/cze-france.fr\/es\/#organization"},"potentialAction":[{"@type":"SearchAction","target":{"@type":"EntryPoint","urlTemplate":"https:\/\/cze-france.fr\/es\/?s={search_term_string}"},"query-input":{"@type":"PropertyValueSpecification","valueRequired":true,"valueName":"search_term_string"}}],"inLanguage":"es"},{"@type":"Organization","@id":"https:\/\/cze-france.fr\/es\/#organization","name":"CZE France","url":"https:\/\/cze-france.fr\/es\/","logo":{"@type":"ImageObject","inLanguage":"es","@id":"https:\/\/cze-france.fr\/es\/#\/schema\/logo\/image\/","url":"https:\/\/cze-france.fr\/wp-content\/uploads\/2022\/12\/LOGO-LEITE.png","contentUrl":"https:\/\/cze-france.fr\/wp-content\/uploads\/2022\/12\/LOGO-LEITE.png","width":1024,"height":512,"caption":"CZE France"},"image":{"@id":"https:\/\/cze-france.fr\/es\/#\/schema\/logo\/image\/"},"sameAs":["https:\/\/www.facebook.com\/profile.php?id=100089192656837","https:\/\/www.instagram.com\/leite_france_minipelle\/","https:\/\/www.linkedin.com\/company\/leite-france\/"]}]}},"_links":{"self":[{"href":"https:\/\/cze-france.fr\/es\/wp-json\/wp\/v2\/pages\/2259","targetHints":{"allow":["GET"]}}],"collection":[{"href":"https:\/\/cze-france.fr\/es\/wp-json\/wp\/v2\/pages"}],"about":[{"href":"https:\/\/cze-france.fr\/es\/wp-json\/wp\/v2\/types\/page"}],"author":[{"embeddable":true,"href":"https:\/\/cze-france.fr\/es\/wp-json\/wp\/v2\/users\/3"}],"replies":[{"embeddable":true,"href":"https:\/\/cze-france.fr\/es\/wp-json\/wp\/v2\/comments?post=2259"}],"version-history":[{"count":5,"href":"https:\/\/cze-france.fr\/es\/wp-json\/wp\/v2\/pages\/2259\/revisions"}],"predecessor-version":[{"id":2357,"href":"https:\/\/cze-france.fr\/es\/wp-json\/wp\/v2\/pages\/2259\/revisions\/2357"}],"wp:featuredmedia":[{"embeddable":true,"href":"https:\/\/cze-france.fr\/es\/wp-json\/wp\/v2\/media\/2174"}],"wp:attachment":[{"href":"https:\/\/cze-france.fr\/es\/wp-json\/wp\/v2\/media?parent=2259"}],"curies":[{"name":"wp","href":"https:\/\/api.w.org\/{rel}","templated":true}]}}